{"id":976,"date":"2020-11-16T15:40:19","date_gmt":"2020-11-16T14:40:19","guid":{"rendered":"https:\/\/www.cvdn.fr\/?page_id=976"},"modified":"2020-11-16T15:47:50","modified_gmt":"2020-11-16T14:47:50","slug":"mentions-legales","status":"publish","type":"page","link":"https:\/\/www.cvdn.fr\/index.php\/mentions-legales\/","title":{"rendered":"Mentions L\u00e9gales"},"content":{"rendered":"\t\t<div data-elementor-type=\"wp-page\" data-elementor-id=\"976\" class=\"elementor elementor-976\" data-elementor-post-type=\"page\">\n\t\t\t\t\t\t<section class=\"elementor-section elementor-top-section elementor-element elementor-element-560c6065 elementor-section-boxed elementor-section-height-default elementor-section-height-default\" data-id=\"560c6065\" data-element_type=\"section\" data-e-type=\"section\">\n\t\t\t\t\t\t<div class=\"elementor-container elementor-column-gap-default\">\n\t\t\t\t\t<div class=\"elementor-column elementor-col-100 elementor-top-column elementor-element elementor-element-46b7a8ad\" data-id=\"46b7a8ad\" data-element_type=\"column\" data-e-type=\"column\">\n\t\t\t<div class=\"elementor-widget-wrap elementor-element-populated\">\n\t\t\t\t\t\t<div class=\"elementor-element elementor-element-5d657338 elementor-widget elementor-widget-text-editor\" data-id=\"5d657338\" data-element_type=\"widget\" data-e-type=\"widget\" data-widget_type=\"text-editor.default\">\n\t\t\t\t<div class=\"elementor-widget-container\">\n\t\t\t\t\t\t\t\t\t<p>Ci-apr\u00e8s d\u00e9nom\u00e9(es)\u00a0<strong>La structure v\u00e9t\u00e9rinaire<\/strong>\u00a0:<\/p>\n<div>CLINIQUE VETERINAIRE DES DEUX NIEVRES<\/div>\n<div>\n<div>5 Avenue de la Gare, 58700 Pr\u00e9mery<\/div>\n<div>\u00a0<\/div>\n<\/div>\n<div>\n<h2>1) Conditions d&rsquo;utilisation<\/h2>\n<p>L&rsquo;ensemble de ce site rel\u00e8ve de la l\u00e9gislation fran\u00e7aise et internationale sur le droit d&rsquo;auteur et la propri\u00e9t\u00e9 intellectuelle. Tous les droits de reproduction sont r\u00e9serv\u00e9s, y compris pour les documents t\u00e9l\u00e9chargeables et les repr\u00e9sentations iconographiques et photographiques.<\/p>\n<p>Le contenu est, sauf mention contraire, la propri\u00e9t\u00e9 de :<\/p>\n<ul>\n<li>La structure v\u00e9t\u00e9rinaire Clinique V\u00e9t\u00e9rinaire des Deux Ni\u00e8vres<\/li>\n<\/ul>\n<p>La reproduction de tout ou partie de ce site, sous quelques formes que ce soit est interdite sans autorisation de notre structure v\u00e9t\u00e9rinaire, CLINIQUE VETERINAIRE DES DEUX NIEVRES<\/p>\n<\/div>\n<h2>2) Protection des donn\u00e9es personnelles<\/h2>\n<p>Vous disposez d&rsquo;un droit d&rsquo;acc\u00e8s, de modification et de suppression des donn\u00e9es qui vous concernent (Loi du 6 janvier 1978 Informatique et libert\u00e9).\u00a0<\/p>\n<h2>3) R\u00e9alisation<\/h2>\n<p>Ce site Web a \u00e9t\u00e9 r\u00e9alis\u00e9 par :<\/p>\n<address>AMAURY PIGNOT<\/address><address>Silbo-communication<br \/>61 Quai Pierre Scize<br \/>69005, Lyon<\/address><address>https:\/\/silbo-communication.fr\/<\/address>\n<p>Tel : 06 32 45 64 16<br \/>Siret\u00a0 : 853 703 528 000 10<\/p>\n<h2>4) H\u00e9bergement<\/h2>\n<p>Ce site Web est h\u00e9berg\u00e9 par la soci\u00e9t\u00e9 :<\/p>\n<address>OVH CLOUD<\/address>\n<h2>5) Liens vers les sites de tierce-parties<\/h2>\n<p>Ce site web contient des liens vers d&rsquo;autres sites. L&rsquo;acc\u00e8s \u00e0 un site li\u00e9 \u00e0 notre site se fait aux risques et p\u00e9rils du visiteur ou de l&rsquo;utilisateur, La Clinique V\u00e9t\u00e9rinaire des Deux Ni\u00e8vres ne saurait \u00eatre tenue pour responsable des dommages, erreurs ou omissions pr\u00e9sents sur ces sites.<\/p>\n<h2>6) Acc\u00e8s \u00e0 des zones prot\u00e9g\u00e9es par un mot de passe<\/h2>\n<p>L&rsquo;acc\u00e8s \u00e0 des zones prot\u00e9g\u00e9es par un mot de passe est r\u00e9serv\u00e9 aux personnes autoris\u00e9es seulement. Toute personne non autoris\u00e9e tentant d&rsquo;acc\u00e9der \u00e0 ces zones pourra faire l&rsquo;objet de poursuite.<\/p>\n<p>\u00a0<\/p>\n<div>\u00a0<\/div>\n<div>\u00a0<\/div>\t\t\t\t\t\t\t\t<\/div>\n\t\t\t\t<\/div>\n\t\t\t\t\t<\/div>\n\t\t<\/div>\n\t\t\t\t\t<\/div>\n\t\t<\/section>\n\t\t\t\t<\/div>\n\t\t","protected":false},"excerpt":{"rendered":"<p>Ci-apr\u00e8s d\u00e9nom\u00e9(es)\u00a0La structure v\u00e9t\u00e9rinaire\u00a0: CLINIQUE VETERINAIRE DES DEUX NIEVRES 5 Avenue de la Gare, 58700 Pr\u00e9mery \u00a0 1) Conditions d&rsquo;utilisation L&rsquo;ensemble de ce site rel\u00e8ve de la l\u00e9gislation fran\u00e7aise et internationale sur le droit d&rsquo;auteur et la propri\u00e9t\u00e9 intellectuelle. Tous les droits de reproduction sont r\u00e9serv\u00e9s, y compris pour les documents t\u00e9l\u00e9chargeables et les repr\u00e9sentations [&hellip;]<\/p>\n","protected":false},"author":1,"featured_media":0,"parent":0,"menu_order":0,"comment_status":"closed","ping_status":"open","template":"","meta":{"site-sidebar-layout":"no-sidebar","site-content-layout":"default","ast-site-content-layout":"default","site-content-style":"default","site-sidebar-style":"default","ast-global-header-display":"","ast-banner-title-visibility":"","ast-main-header-display":"","ast-hfb-above-header-display":"","ast-hfb-below-header-display":"","ast-hfb-mobile-header-display":"","site-post-title":"","ast-breadcrumbs-content":"","ast-featured-img":"","footer-sml-layout":"","ast-disable-related-posts":"","theme-transparent-header-meta":"default","adv-header-id-meta":"","stick-header-meta":"","header-above-stick-meta":"","header-main-stick-meta":"","header-below-stick-meta":"","astra-migrate-meta-layouts":"default","ast-page-background-enabled":"default","ast-page-background-meta":{"desktop":{"background-color":"","background-image":"","background-repeat":"repeat","background-position":"center center","background-size":"auto","background-attachment":"scroll","background-type":"","background-media":"","overlay-type":"","overlay-color":"","overlay-opacity":"","overlay-gradient":""},"tablet":{"background-color":"","background-image":"","background-repeat":"repeat","background-position":"center center","background-size":"auto","background-attachment":"scroll","background-type":"","background-media":"","overlay-type":"","overlay-color":"","overlay-opacity":"","overlay-gradient":""},"mobile":{"background-color":"","background-image":"","background-repeat":"repeat","background-position":"center center","background-size":"auto","background-attachment":"scroll","background-type":"","background-media":"","overlay-type":"","overlay-color":"","overlay-opacity":"","overlay-gradient":""}},"ast-content-background-meta":{"desktop":{"background-color":"var(--ast-global-color-5)","background-image":"","background-repeat":"repeat","background-position":"center center","background-size":"auto","background-attachment":"scroll","background-type":"","background-media":"","overlay-type":"","overlay-color":"","overlay-opacity":"","overlay-gradient":""},"tablet":{"background-color":"var(--ast-global-color-5)","background-image":"","background-repeat":"repeat","background-position":"center center","background-size":"auto","background-attachment":"scroll","background-type":"","background-media":"","overlay-type":"","overlay-color":"","overlay-opacity":"","overlay-gradient":""},"mobile":{"background-color":"var(--ast-global-color-5)","background-image":"","background-repeat":"repeat","background-position":"center center","background-size":"auto","background-attachment":"scroll","background-type":"","background-media":"","overlay-type":"","overlay-color":"","overlay-opacity":"","overlay-gradient":""}},"footnotes":""},"class_list":["post-976","page","type-page","status-publish","hentry"],"yoast_head":"<!-- This site is optimized with the Yoast SEO plugin v26.8 - https:\/\/yoast.com\/product\/yoast-seo-wordpress\/ -->\n<title>Mentions L\u00e9gales - Clinique v\u00e9t\u00e9rinaire des deux Ni\u00e8vres<\/title>\n<meta name=\"robots\" content=\"index, follow, max-snippet:-1, max-image-preview:large, max-video-preview:-1\" \/>\n<link rel=\"canonical\" href=\"https:\/\/www.cvdn.fr\/index.php\/mentions-legales\/\" \/>\n<meta property=\"og:locale\" content=\"fr_FR\" \/>\n<meta property=\"og:type\" content=\"article\" \/>\n<meta property=\"og:title\" content=\"Mentions L\u00e9gales - Clinique v\u00e9t\u00e9rinaire des deux Ni\u00e8vres\" \/>\n<meta property=\"og:description\" content=\"Ci-apr\u00e8s d\u00e9nom\u00e9(es)\u00a0La structure v\u00e9t\u00e9rinaire\u00a0: CLINIQUE VETERINAIRE DES DEUX NIEVRES 5 Avenue de la Gare, 58700 Pr\u00e9mery \u00a0 1) Conditions d&rsquo;utilisation L&rsquo;ensemble de ce site rel\u00e8ve de la l\u00e9gislation fran\u00e7aise et internationale sur le droit d&rsquo;auteur et la propri\u00e9t\u00e9 intellectuelle. Tous les droits de reproduction sont r\u00e9serv\u00e9s, y compris pour les documents t\u00e9l\u00e9chargeables et les repr\u00e9sentations [&hellip;]\" \/>\n<meta property=\"og:url\" content=\"https:\/\/www.cvdn.fr\/index.php\/mentions-legales\/\" \/>\n<meta property=\"og:site_name\" content=\"Clinique v\u00e9t\u00e9rinaire des deux Ni\u00e8vres\" \/>\n<meta property=\"article:modified_time\" content=\"2020-11-16T14:47:50+00:00\" \/>\n<meta name=\"twitter:card\" content=\"summary_large_image\" \/>\n<meta name=\"twitter:label1\" content=\"Dur\u00e9e de lecture estim\u00e9e\" \/>\n\t<meta name=\"twitter:data1\" content=\"1 minute\" \/>\n<script type=\"application\/ld+json\" class=\"yoast-schema-graph\">{\"@context\":\"https:\/\/schema.org\",\"@graph\":[{\"@type\":\"WebPage\",\"@id\":\"https:\/\/www.cvdn.fr\/index.php\/mentions-legales\/\",\"url\":\"https:\/\/www.cvdn.fr\/index.php\/mentions-legales\/\",\"name\":\"Mentions L\u00e9gales - Clinique v\u00e9t\u00e9rinaire des deux Ni\u00e8vres\",\"isPartOf\":{\"@id\":\"https:\/\/www.cvdn.fr\/#website\"},\"datePublished\":\"2020-11-16T14:40:19+00:00\",\"dateModified\":\"2020-11-16T14:47:50+00:00\",\"breadcrumb\":{\"@id\":\"https:\/\/www.cvdn.fr\/index.php\/mentions-legales\/#breadcrumb\"},\"inLanguage\":\"fr-FR\",\"potentialAction\":[{\"@type\":\"ReadAction\",\"target\":[\"https:\/\/www.cvdn.fr\/index.php\/mentions-legales\/\"]}]},{\"@type\":\"BreadcrumbList\",\"@id\":\"https:\/\/www.cvdn.fr\/index.php\/mentions-legales\/#breadcrumb\",\"itemListElement\":[{\"@type\":\"ListItem\",\"position\":1,\"name\":\"Accueil\",\"item\":\"https:\/\/www.cvdn.fr\/\"},{\"@type\":\"ListItem\",\"position\":2,\"name\":\"Mentions L\u00e9gales\"}]},{\"@type\":\"WebSite\",\"@id\":\"https:\/\/www.cvdn.fr\/#website\",\"url\":\"https:\/\/www.cvdn.fr\/\",\"name\":\"Clinique v\u00e9t\u00e9rinaire des deux Ni\u00e8vres\",\"description\":\"Clinique V\u00e9t\u00e9rinaire des Deux Ni\u00e8vres\",\"publisher\":{\"@id\":\"https:\/\/www.cvdn.fr\/#organization\"},\"potentialAction\":[{\"@type\":\"SearchAction\",\"target\":{\"@type\":\"EntryPoint\",\"urlTemplate\":\"https:\/\/www.cvdn.fr\/?s={search_term_string}\"},\"query-input\":{\"@type\":\"PropertyValueSpecification\",\"valueRequired\":true,\"valueName\":\"search_term_string\"}}],\"inLanguage\":\"fr-FR\"},{\"@type\":\"Organization\",\"@id\":\"https:\/\/www.cvdn.fr\/#organization\",\"name\":\"Clinique v\u00e9t\u00e9rinaire des deux Ni\u00e8vres\",\"url\":\"https:\/\/www.cvdn.fr\/\",\"logo\":{\"@type\":\"ImageObject\",\"inLanguage\":\"fr-FR\",\"@id\":\"https:\/\/www.cvdn.fr\/#\/schema\/logo\/image\/\",\"url\":\"https:\/\/www.cvdn.fr\/wp-content\/uploads\/2020\/10\/cropped-Logo-Clinique2-1.png\",\"contentUrl\":\"https:\/\/www.cvdn.fr\/wp-content\/uploads\/2020\/10\/cropped-Logo-Clinique2-1.png\",\"width\":1200,\"height\":561,\"caption\":\"Clinique v\u00e9t\u00e9rinaire des deux Ni\u00e8vres\"},\"image\":{\"@id\":\"https:\/\/www.cvdn.fr\/#\/schema\/logo\/image\/\"}}]}<\/script>\n<!-- \/ Yoast SEO plugin. -->","yoast_head_json":{"title":"Mentions L\u00e9gales - Clinique v\u00e9t\u00e9rinaire des deux Ni\u00e8vres","robots":{"index":"index","follow":"follow","max-snippet":"max-snippet:-1","max-image-preview":"max-image-preview:large","max-video-preview":"max-video-preview:-1"},"canonical":"https:\/\/www.cvdn.fr\/index.php\/mentions-legales\/","og_locale":"fr_FR","og_type":"article","og_title":"Mentions L\u00e9gales - Clinique v\u00e9t\u00e9rinaire des deux Ni\u00e8vres","og_description":"Ci-apr\u00e8s d\u00e9nom\u00e9(es)\u00a0La structure v\u00e9t\u00e9rinaire\u00a0: CLINIQUE VETERINAIRE DES DEUX NIEVRES 5 Avenue de la Gare, 58700 Pr\u00e9mery \u00a0 1) Conditions d&rsquo;utilisation L&rsquo;ensemble de ce site rel\u00e8ve de la l\u00e9gislation fran\u00e7aise et internationale sur le droit d&rsquo;auteur et la propri\u00e9t\u00e9 intellectuelle. Tous les droits de reproduction sont r\u00e9serv\u00e9s, y compris pour les documents t\u00e9l\u00e9chargeables et les repr\u00e9sentations [&hellip;]","og_url":"https:\/\/www.cvdn.fr\/index.php\/mentions-legales\/","og_site_name":"Clinique v\u00e9t\u00e9rinaire des deux Ni\u00e8vres","article_modified_time":"2020-11-16T14:47:50+00:00","twitter_card":"summary_large_image","twitter_misc":{"Dur\u00e9e de lecture estim\u00e9e":"1 minute"},"schema":{"@context":"https:\/\/schema.org","@graph":[{"@type":"WebPage","@id":"https:\/\/www.cvdn.fr\/index.php\/mentions-legales\/","url":"https:\/\/www.cvdn.fr\/index.php\/mentions-legales\/","name":"Mentions L\u00e9gales - Clinique v\u00e9t\u00e9rinaire des deux Ni\u00e8vres","isPartOf":{"@id":"https:\/\/www.cvdn.fr\/#website"},"datePublished":"2020-11-16T14:40:19+00:00","dateModified":"2020-11-16T14:47:50+00:00","breadcrumb":{"@id":"https:\/\/www.cvdn.fr\/index.php\/mentions-legales\/#breadcrumb"},"inLanguage":"fr-FR","potentialAction":[{"@type":"ReadAction","target":["https:\/\/www.cvdn.fr\/index.php\/mentions-legales\/"]}]},{"@type":"BreadcrumbList","@id":"https:\/\/www.cvdn.fr\/index.php\/mentions-legales\/#breadcrumb","itemListElement":[{"@type":"ListItem","position":1,"name":"Accueil","item":"https:\/\/www.cvdn.fr\/"},{"@type":"ListItem","position":2,"name":"Mentions L\u00e9gales"}]},{"@type":"WebSite","@id":"https:\/\/www.cvdn.fr\/#website","url":"https:\/\/www.cvdn.fr\/","name":"Clinique v\u00e9t\u00e9rinaire des deux Ni\u00e8vres","description":"Clinique V\u00e9t\u00e9rinaire des Deux Ni\u00e8vres","publisher":{"@id":"https:\/\/www.cvdn.fr\/#organization"},"potentialAction":[{"@type":"SearchAction","target":{"@type":"EntryPoint","urlTemplate":"https:\/\/www.cvdn.fr\/?s={search_term_string}"},"query-input":{"@type":"PropertyValueSpecification","valueRequired":true,"valueName":"search_term_string"}}],"inLanguage":"fr-FR"},{"@type":"Organization","@id":"https:\/\/www.cvdn.fr\/#organization","name":"Clinique v\u00e9t\u00e9rinaire des deux Ni\u00e8vres","url":"https:\/\/www.cvdn.fr\/","logo":{"@type":"ImageObject","inLanguage":"fr-FR","@id":"https:\/\/www.cvdn.fr\/#\/schema\/logo\/image\/","url":"https:\/\/www.cvdn.fr\/wp-content\/uploads\/2020\/10\/cropped-Logo-Clinique2-1.png","contentUrl":"https:\/\/www.cvdn.fr\/wp-content\/uploads\/2020\/10\/cropped-Logo-Clinique2-1.png","width":1200,"height":561,"caption":"Clinique v\u00e9t\u00e9rinaire des deux Ni\u00e8vres"},"image":{"@id":"https:\/\/www.cvdn.fr\/#\/schema\/logo\/image\/"}}]}},"_links":{"self":[{"href":"https:\/\/www.cvdn.fr\/index.php\/wp-json\/wp\/v2\/pages\/976","targetHints":{"allow":["GET"]}}],"collection":[{"href":"https:\/\/www.cvdn.fr\/index.php\/wp-json\/wp\/v2\/pages"}],"about":[{"href":"https:\/\/www.cvdn.fr\/index.php\/wp-json\/wp\/v2\/types\/page"}],"author":[{"embeddable":true,"href":"https:\/\/www.cvdn.fr\/index.php\/wp-json\/wp\/v2\/users\/1"}],"replies":[{"embeddable":true,"href":"https:\/\/www.cvdn.fr\/index.php\/wp-json\/wp\/v2\/comments?post=976"}],"version-history":[{"count":2,"href":"https:\/\/www.cvdn.fr\/index.php\/wp-json\/wp\/v2\/pages\/976\/revisions"}],"predecessor-version":[{"id":978,"href":"https:\/\/www.cvdn.fr\/index.php\/wp-json\/wp\/v2\/pages\/976\/revisions\/978"}],"wp:attachment":[{"href":"https:\/\/www.cvdn.fr\/index.php\/wp-json\/wp\/v2\/media?parent=976"}],"curies":[{"name":"wp","href":"https:\/\/api.w.org\/{rel}","templated":true}]}}